{"id":144,"date":"2013-01-30T00:34:51","date_gmt":"2013-01-29T22:34:51","guid":{"rendered":"http:\/\/www.cape2cape.cc\/?page_id=144"},"modified":"2013-11-11T23:57:55","modified_gmt":"2013-11-11T21:57:55","slug":"jens-flemming","status":"publish","type":"page","link":"https:\/\/www.cape2cape.cc\/?page_id=144","title":{"rendered":"Jens Flemming"},"content":{"rendered":"<p><a href=\"https:\/\/www.cape2cape.cc\/wp-content\/uploads\/2013\/02\/flemming.jpg\"><img loading=\"lazy\" decoding=\"async\" class=\"size-full wp-image-258 alignright\" alt=\"Jens Flemming\" src=\"https:\/\/www.cape2cape.cc\/wp-content\/uploads\/2013\/02\/flemming.jpg\" width=\"268\" height=\"300\" \/><\/a><strong>&#8222;Flemme&#8220;<\/strong><\/p>\n<p>Medizinmann, Baujahr: 66<\/p>\n<p>Nachdem wir auf dieser Reise einen richtigen Arzt in unseren Reihen begr\u00fc\u00dfen d\u00fcrfen, kann Flemme als Medizinmann in die zweite Reihe zur\u00fccktreten. Lediglich bei Not-OP\u00b4s mu\u00df er assistieren und kann sich ansonsten als deutscher Bauingenieur seiner eigentlichen Aufgabe widmen: Der Ornithologie<\/p>\n","protected":false},"excerpt":{"rendered":"<p>&#8222;Flemme&#8220; Medizinmann, Baujahr: 66 Nachdem wir auf dieser Reise einen richtigen Arzt in unseren Reihen begr\u00fc\u00dfen d\u00fcrfen, kann Flemme als Medizinmann in die zweite Reihe zur\u00fccktreten. Lediglich bei Not-OP\u00b4s mu\u00df er assistieren und kann sich ansonsten als deutscher Bauingenieur seiner &hellip; <a href=\"https:\/\/www.cape2cape.cc\/?page_id=144\">Weiterlesen <span class=\"meta-nav\">&rarr;<\/span><\/a><\/p>\n","protected":false},"author":1,"featured_media":1988,"parent":18,"menu_order":3,"comment_status":"closed","ping_status":"closed","template":"full-width-page.php","meta":{"om_disable_all_campaigns":false,"_monsterinsights_skip_tracking":false,"_monsterinsights_sitenote_active":false,"_monsterinsights_sitenote_note":"","_monsterinsights_sitenote_category":0,"footnotes":""},"class_list":["post-144","page","type-page","status-publish","has-post-thumbnail","hentry"],"aioseo_notices":[],"_links":{"self":[{"href":"https:\/\/www.cape2cape.cc\/index.php?rest_route=\/wp\/v2\/pages\/144","targetHints":{"allow":["GET"]}}],"collection":[{"href":"https:\/\/www.cape2cape.cc\/index.php?rest_route=\/wp\/v2\/pages"}],"about":[{"href":"https:\/\/www.cape2cape.cc\/index.php?rest_route=\/wp\/v2\/types\/page"}],"author":[{"embeddable":true,"href":"https:\/\/www.cape2cape.cc\/index.php?rest_route=\/wp\/v2\/users\/1"}],"replies":[{"embeddable":true,"href":"https:\/\/www.cape2cape.cc\/index.php?rest_route=%2Fwp%2Fv2%2Fcomments&post=144"}],"version-history":[{"count":8,"href":"https:\/\/www.cape2cape.cc\/index.php?rest_route=\/wp\/v2\/pages\/144\/revisions"}],"predecessor-version":[{"id":543,"href":"https:\/\/www.cape2cape.cc\/index.php?rest_route=\/wp\/v2\/pages\/144\/revisions\/543"}],"up":[{"embeddable":true,"href":"https:\/\/www.cape2cape.cc\/index.php?rest_route=\/wp\/v2\/pages\/18"}],"wp:featuredmedia":[{"embeddable":true,"href":"https:\/\/www.cape2cape.cc\/index.php?rest_route=\/wp\/v2\/media\/1988"}],"wp:attachment":[{"href":"https:\/\/www.cape2cape.cc\/index.php?rest_route=%2Fwp%2Fv2%2Fmedia&parent=144"}],"curies":[{"name":"wp","href":"https:\/\/api.w.org\/{rel}","templated":true}]}}