{"id":148,"date":"2013-01-30T00:37:32","date_gmt":"2013-01-29T22:37:32","guid":{"rendered":"http:\/\/www.cape2cape.cc\/?page_id=148"},"modified":"2013-11-12T00:56:55","modified_gmt":"2013-11-11T22:56:55","slug":"steffen-hahnemann","status":"publish","type":"page","link":"https:\/\/www.cape2cape.cc\/?page_id=148","title":{"rendered":"Steffen Hahnemann"},"content":{"rendered":"<p><a href=\"https:\/\/www.cape2cape.cc\/wp-content\/uploads\/2013\/02\/hahnemann.jpg\"><img loading=\"lazy\" decoding=\"async\" class=\"size-full wp-image-259 alignright\" alt=\"Steffen Hahnemann\" src=\"https:\/\/www.cape2cape.cc\/wp-content\/uploads\/2013\/02\/hahnemann.jpg\" width=\"268\" height=\"300\" \/><\/a><strong>&#8222;H\u00e4hnchen&#8220;<\/strong><\/p>\n<p>Lautsprecher, Baujahr: 1964<\/p>\n<p>H\u00e4hnchen geht zum ersten Mal mit der Kulturgruppe auf gro\u00dfe Fahrt. Zumindest die ersten\u00a0vier Wochen bis \u00c4gypten ist er an Bord. W\u00e4hrend dieser Zeit wird er versuchen, mit seiner Erfahrung als Sportlehrer die mit ihm reisenden Kameraden entsprechend zu ert\u00fcchtigen&#8230;<\/p>\n<p>&nbsp;<\/p>\n","protected":false},"excerpt":{"rendered":"<p>&#8222;H\u00e4hnchen&#8220; Lautsprecher, Baujahr: 1964 H\u00e4hnchen geht zum ersten Mal mit der Kulturgruppe auf gro\u00dfe Fahrt. Zumindest die ersten\u00a0vier Wochen bis \u00c4gypten ist er an Bord. W\u00e4hrend dieser Zeit wird er versuchen, mit seiner Erfahrung als Sportlehrer die mit ihm reisenden &hellip; <a href=\"https:\/\/www.cape2cape.cc\/?page_id=148\">Weiterlesen <span class=\"meta-nav\">&rarr;<\/span><\/a><\/p>\n","protected":false},"author":1,"featured_media":2002,"parent":18,"menu_order":0,"comment_status":"closed","ping_status":"closed","template":"full-width-page.php","meta":{"om_disable_all_campaigns":false,"_monsterinsights_skip_tracking":false,"_monsterinsights_sitenote_active":false,"_monsterinsights_sitenote_note":"","_monsterinsights_sitenote_category":0,"footnotes":""},"class_list":["post-148","page","type-page","status-publish","has-post-thumbnail","hentry"],"aioseo_notices":[],"_links":{"self":[{"href":"https:\/\/www.cape2cape.cc\/index.php?rest_route=\/wp\/v2\/pages\/148","targetHints":{"allow":["GET"]}}],"collection":[{"href":"https:\/\/www.cape2cape.cc\/index.php?rest_route=\/wp\/v2\/pages"}],"about":[{"href":"https:\/\/www.cape2cape.cc\/index.php?rest_route=\/wp\/v2\/types\/page"}],"author":[{"embeddable":true,"href":"https:\/\/www.cape2cape.cc\/index.php?rest_route=\/wp\/v2\/users\/1"}],"replies":[{"embeddable":true,"href":"https:\/\/www.cape2cape.cc\/index.php?rest_route=%2Fwp%2Fv2%2Fcomments&post=148"}],"version-history":[{"count":8,"href":"https:\/\/www.cape2cape.cc\/index.php?rest_route=\/wp\/v2\/pages\/148\/revisions"}],"predecessor-version":[{"id":2005,"href":"https:\/\/www.cape2cape.cc\/index.php?rest_route=\/wp\/v2\/pages\/148\/revisions\/2005"}],"up":[{"embeddable":true,"href":"https:\/\/www.cape2cape.cc\/index.php?rest_route=\/wp\/v2\/pages\/18"}],"wp:featuredmedia":[{"embeddable":true,"href":"https:\/\/www.cape2cape.cc\/index.php?rest_route=\/wp\/v2\/media\/2002"}],"wp:attachment":[{"href":"https:\/\/www.cape2cape.cc\/index.php?rest_route=%2Fwp%2Fv2%2Fmedia&parent=148"}],"curies":[{"name":"wp","href":"https:\/\/api.w.org\/{rel}","templated":true}]}}