{"id":152,"date":"2013-01-30T00:39:36","date_gmt":"2013-01-29T22:39:36","guid":{"rendered":"http:\/\/www.cape2cape.cc\/?page_id=152"},"modified":"2013-11-12T00:57:19","modified_gmt":"2013-11-11T22:57:19","slug":"uwe-hecht","status":"publish","type":"page","link":"https:\/\/www.cape2cape.cc\/?page_id=152","title":{"rendered":"Uwe Hecht"},"content":{"rendered":"<p><a href=\"https:\/\/www.cape2cape.cc\/wp-content\/uploads\/2013\/02\/hecht.jpg\"><img loading=\"lazy\" decoding=\"async\" class=\"size-full wp-image-261 alignright\" alt=\"Uwe Hecht\" src=\"https:\/\/www.cape2cape.cc\/wp-content\/uploads\/2013\/02\/hecht.jpg\" width=\"268\" height=\"300\" \/><\/a><strong>&#8222;Hechti&#8220;<\/strong><\/p>\n<p>Ruhepol, Baujahr: 61<\/p>\n<p>Vor der legend\u00e4ren legend\u00e4ren <a href=\"http:\/\/www.feuerlaska.de\" target=\"_blank\">Feuerland-Alaska Reise<\/a> hatte es Hechti geschafft, sich in k\u00fcrzester Zeit sehr gute Spanischkenntnisse anzueignen. Damit konnte er uns durch 11 s\u00fcd- und mittelamerikanische Staaten dolmetschen. Diesmal wartet eine ganz andere Herausforderung. Denn alleine in S\u00fcdafrika gibt es 11 offizielle Amtssprachen. Diese sind Afrikaans, Englisch, isiNdebele, isiXhosa, isiZulu, Sesotho, Sesotho sa Leboa, Setswana, SiSwati, Tshivenda und Xitsonga. Wir sind gespannt&#8230;<\/p>\n","protected":false},"excerpt":{"rendered":"<p>&#8222;Hechti&#8220; Ruhepol, Baujahr: 61 Vor der legend\u00e4ren legend\u00e4ren Feuerland-Alaska Reise hatte es Hechti geschafft, sich in k\u00fcrzester Zeit sehr gute Spanischkenntnisse anzueignen. Damit konnte er uns durch 11 s\u00fcd- und mittelamerikanische Staaten dolmetschen. Diesmal wartet eine ganz andere Herausforderung. Denn &hellip; <a href=\"https:\/\/www.cape2cape.cc\/?page_id=152\">Weiterlesen <span class=\"meta-nav\">&rarr;<\/span><\/a><\/p>\n","protected":false},"author":1,"featured_media":2001,"parent":18,"menu_order":6,"comment_status":"closed","ping_status":"closed","template":"full-width-page.php","meta":{"om_disable_all_campaigns":false,"_monsterinsights_skip_tracking":false,"_monsterinsights_sitenote_active":false,"_monsterinsights_sitenote_note":"","_monsterinsights_sitenote_category":0,"footnotes":""},"class_list":["post-152","page","type-page","status-publish","has-post-thumbnail","hentry"],"aioseo_notices":[],"_links":{"self":[{"href":"https:\/\/www.cape2cape.cc\/index.php?rest_route=\/wp\/v2\/pages\/152","targetHints":{"allow":["GET"]}}],"collection":[{"href":"https:\/\/www.cape2cape.cc\/index.php?rest_route=\/wp\/v2\/pages"}],"about":[{"href":"https:\/\/www.cape2cape.cc\/index.php?rest_route=\/wp\/v2\/types\/page"}],"author":[{"embeddable":true,"href":"https:\/\/www.cape2cape.cc\/index.php?rest_route=\/wp\/v2\/users\/1"}],"replies":[{"embeddable":true,"href":"https:\/\/www.cape2cape.cc\/index.php?rest_route=%2Fwp%2Fv2%2Fcomments&post=152"}],"version-history":[{"count":10,"href":"https:\/\/www.cape2cape.cc\/index.php?rest_route=\/wp\/v2\/pages\/152\/revisions"}],"predecessor-version":[{"id":692,"href":"https:\/\/www.cape2cape.cc\/index.php?rest_route=\/wp\/v2\/pages\/152\/revisions\/692"}],"up":[{"embeddable":true,"href":"https:\/\/www.cape2cape.cc\/index.php?rest_route=\/wp\/v2\/pages\/18"}],"wp:featuredmedia":[{"embeddable":true,"href":"https:\/\/www.cape2cape.cc\/index.php?rest_route=\/wp\/v2\/media\/2001"}],"wp:attachment":[{"href":"https:\/\/www.cape2cape.cc\/index.php?rest_route=%2Fwp%2Fv2%2Fmedia&parent=152"}],"curies":[{"name":"wp","href":"https:\/\/api.w.org\/{rel}","templated":true}]}}