{"id":168,"date":"2013-01-30T00:44:24","date_gmt":"2013-01-29T22:44:24","guid":{"rendered":"http:\/\/www.cape2cape.cc\/?page_id=168"},"modified":"2013-11-12T00:57:40","modified_gmt":"2013-11-11T22:57:40","slug":"jens-karnowski","status":"publish","type":"page","link":"https:\/\/www.cape2cape.cc\/?page_id=168","title":{"rendered":"Jens Karnowski"},"content":{"rendered":"<p><a href=\"https:\/\/www.cape2cape.cc\/wp-content\/uploads\/2013\/02\/karnowski.jpg\"><img loading=\"lazy\" decoding=\"async\" class=\"alignright size-full wp-image-281\" alt=\"Jena Karnowski\" src=\"https:\/\/www.cape2cape.cc\/wp-content\/uploads\/2013\/02\/karnowski.jpg\" width=\"268\" height=\"300\" \/><\/a><strong>&#8222;Kanne&#8220;<\/strong><\/p>\n<p>Eventmanager, Baujahr: 66<\/p>\n<p>Kanne st\u00f6\u00dft auf der letzten Etappe zu den Th\u00fcringer Freunden und bringt hauptst\u00e4dtisches Flair in die Runde. Denn auch die ist arm, aber sexy. Nachdem er den lieben langen Tag in der K\u00f6penicker Freiheit F\u00fcnfzehn verbringt, kann er nun die wahre Freiheit mit f\u00fcnfzehn Kameraden live erleben. Was f\u00fcr ein Event&#8230;<\/p>\n","protected":false},"excerpt":{"rendered":"<p>&#8222;Kanne&#8220; Eventmanager, Baujahr: 66 Kanne st\u00f6\u00dft auf der letzten Etappe zu den Th\u00fcringer Freunden und bringt hauptst\u00e4dtisches Flair in die Runde. Denn auch die ist arm, aber sexy. Nachdem er den lieben langen Tag in der K\u00f6penicker Freiheit F\u00fcnfzehn verbringt, &hellip; <a href=\"https:\/\/www.cape2cape.cc\/?page_id=168\">Weiterlesen <span class=\"meta-nav\">&rarr;<\/span><\/a><\/p>\n","protected":false},"author":1,"featured_media":2004,"parent":18,"menu_order":10,"comment_status":"closed","ping_status":"closed","template":"full-width-page.php","meta":{"om_disable_all_campaigns":false,"_monsterinsights_skip_tracking":false,"_monsterinsights_sitenote_active":false,"_monsterinsights_sitenote_note":"","_monsterinsights_sitenote_category":0,"footnotes":""},"class_list":["post-168","page","type-page","status-publish","has-post-thumbnail","hentry"],"aioseo_notices":[],"_links":{"self":[{"href":"https:\/\/www.cape2cape.cc\/index.php?rest_route=\/wp\/v2\/pages\/168","targetHints":{"allow":["GET"]}}],"collection":[{"href":"https:\/\/www.cape2cape.cc\/index.php?rest_route=\/wp\/v2\/pages"}],"about":[{"href":"https:\/\/www.cape2cape.cc\/index.php?rest_route=\/wp\/v2\/types\/page"}],"author":[{"embeddable":true,"href":"https:\/\/www.cape2cape.cc\/index.php?rest_route=\/wp\/v2\/users\/1"}],"replies":[{"embeddable":true,"href":"https:\/\/www.cape2cape.cc\/index.php?rest_route=%2Fwp%2Fv2%2Fcomments&post=168"}],"version-history":[{"count":7,"href":"https:\/\/www.cape2cape.cc\/index.php?rest_route=\/wp\/v2\/pages\/168\/revisions"}],"predecessor-version":[{"id":695,"href":"https:\/\/www.cape2cape.cc\/index.php?rest_route=\/wp\/v2\/pages\/168\/revisions\/695"}],"up":[{"embeddable":true,"href":"https:\/\/www.cape2cape.cc\/index.php?rest_route=\/wp\/v2\/pages\/18"}],"wp:featuredmedia":[{"embeddable":true,"href":"https:\/\/www.cape2cape.cc\/index.php?rest_route=\/wp\/v2\/media\/2004"}],"wp:attachment":[{"href":"https:\/\/www.cape2cape.cc\/index.php?rest_route=%2Fwp%2Fv2%2Fmedia&parent=168"}],"curies":[{"name":"wp","href":"https:\/\/api.w.org\/{rel}","templated":true}]}}