{"id":170,"date":"2013-01-30T00:44:48","date_gmt":"2013-01-29T22:44:48","guid":{"rendered":"http:\/\/www.cape2cape.cc\/?page_id=170"},"modified":"2013-11-12T00:58:01","modified_gmt":"2013-11-11T22:58:01","slug":"stefan-lohse","status":"publish","type":"page","link":"https:\/\/www.cape2cape.cc\/?page_id=170","title":{"rendered":"Stefan Lohse"},"content":{"rendered":"<p><a href=\"https:\/\/www.cape2cape.cc\/wp-content\/uploads\/2013\/02\/lohse.jpg\"><img loading=\"lazy\" decoding=\"async\" class=\"alignright size-full wp-image-282\" alt=\"Stefan Lohse\" src=\"https:\/\/www.cape2cape.cc\/wp-content\/uploads\/2013\/02\/lohse.jpg\" width=\"268\" height=\"300\" \/><\/a><strong>Lohsinger<\/strong><\/p>\n<p>Ali-Lanzer, Baujahr: 64<\/p>\n<p>Stefan ist ausgemachter Versicherungsexperte und st\u00f6\u00dft erst in den letzten drei Wochen zu den Kameraden. Wahrscheinlich um die entstanden Sch\u00e4den innerhalb der Reisegruppe zu begutachten. Entweder wie bei Joseph Conrad\u00b4s \u201eHerz der Finsternis\u201c: Das Grauen, oder eben: Die Grauen\u2026<\/p>\n","protected":false},"excerpt":{"rendered":"<p>Lohsinger Ali-Lanzer, Baujahr: 64 Stefan ist ausgemachter Versicherungsexperte und st\u00f6\u00dft erst in den letzten drei Wochen zu den Kameraden. Wahrscheinlich um die entstanden Sch\u00e4den innerhalb der Reisegruppe zu begutachten. Entweder wie bei Joseph Conrad\u00b4s \u201eHerz der Finsternis\u201c: Das Grauen, oder &hellip; <a href=\"https:\/\/www.cape2cape.cc\/?page_id=170\">Weiterlesen <span class=\"meta-nav\">&rarr;<\/span><\/a><\/p>\n","protected":false},"author":1,"featured_media":2000,"parent":18,"menu_order":11,"comment_status":"closed","ping_status":"closed","template":"full-width-page.php","meta":{"om_disable_all_campaigns":false,"_monsterinsights_skip_tracking":false,"_monsterinsights_sitenote_active":false,"_monsterinsights_sitenote_note":"","_monsterinsights_sitenote_category":0,"footnotes":""},"class_list":["post-170","page","type-page","status-publish","has-post-thumbnail","hentry"],"aioseo_notices":[],"_links":{"self":[{"href":"https:\/\/www.cape2cape.cc\/index.php?rest_route=\/wp\/v2\/pages\/170","targetHints":{"allow":["GET"]}}],"collection":[{"href":"https:\/\/www.cape2cape.cc\/index.php?rest_route=\/wp\/v2\/pages"}],"about":[{"href":"https:\/\/www.cape2cape.cc\/index.php?rest_route=\/wp\/v2\/types\/page"}],"author":[{"embeddable":true,"href":"https:\/\/www.cape2cape.cc\/index.php?rest_route=\/wp\/v2\/users\/1"}],"replies":[{"embeddable":true,"href":"https:\/\/www.cape2cape.cc\/index.php?rest_route=%2Fwp%2Fv2%2Fcomments&post=170"}],"version-history":[{"count":8,"href":"https:\/\/www.cape2cape.cc\/index.php?rest_route=\/wp\/v2\/pages\/170\/revisions"}],"predecessor-version":[{"id":2008,"href":"https:\/\/www.cape2cape.cc\/index.php?rest_route=\/wp\/v2\/pages\/170\/revisions\/2008"}],"up":[{"embeddable":true,"href":"https:\/\/www.cape2cape.cc\/index.php?rest_route=\/wp\/v2\/pages\/18"}],"wp:featuredmedia":[{"embeddable":true,"href":"https:\/\/www.cape2cape.cc\/index.php?rest_route=\/wp\/v2\/media\/2000"}],"wp:attachment":[{"href":"https:\/\/www.cape2cape.cc\/index.php?rest_route=%2Fwp%2Fv2%2Fmedia&parent=170"}],"curies":[{"name":"wp","href":"https:\/\/api.w.org\/{rel}","templated":true}]}}