{"id":18,"date":"2013-01-26T23:11:01","date_gmt":"2013-01-26T21:11:01","guid":{"rendered":"http:\/\/www.cape2cape.cc\/?page_id=18"},"modified":"2013-11-12T02:02:32","modified_gmt":"2013-11-12T00:02:32","slug":"reisende","status":"publish","type":"page","link":"https:\/\/www.cape2cape.cc\/?page_id=18","title":{"rendered":"Reisende"},"content":{"rendered":"<p>Wir, die \u201eKulturgruppe Jena&#8220;, sind eine Truppe von Freunden, die sich zum Gro\u00dfteil bereits aus der Schulzeit kennen. Geboren zwischen 1960 und 1966, im real existierenden Sozialismus aufgewachsen und im Kapitalismus ihren Mann stehend, stolze V\u00e4ter und Familienoberh\u00e4upter aber dennoch Individualisten.<\/p>\n<p>24 Jahre sind seit der Wende vergangen. Wir haben H\u00e4user gebaut, B\u00e4ume gepflanzt und Kinder gezeugt. Nach unseren erfolgreichen und abenteuerlichen Touren \u201e<a href=\"http:\/\/www.w80.de\" target=\"_blank\">In 80 Tagen um die Welt<\/a>\u201c im Jahre 2004 und der <a href=\"http:\/\/www.feuerlaska.de\" target=\"_blank\">Feuerland Alaska Tour<\/a> 2009 ist die Zeit f\u00fcr die Kulturgruppe Jena wieder reif f\u00fcr neue Herausforderungen. Unsere j\u00e4hrlichen Events wie gemeinsame Pfingsttreffen, Silvesterfeiern, Vater\/ Kind-Kuren, oder die allj\u00e4hrliche Etappe der <a href=\"http:\/\/www.floss-tour.de\/\" target=\"_blank\">Flosstour <\/a>von Jena nach Hamburg haben uns zusammengeschwei\u00dft.<\/p>\n<p>Wir wollen wieder in Genzbereiche vordringen und die alte Welt verlassen\u2026<br \/>\nVom Nordkap kommend queren wir Europa, streifen Asien und durchfahren den kompletten afrikanischen Kontinent bis runter zum Kap der Guten Hoffnung. Von Kap zu Kap, daher der Name cape2cape&#8230; Dabei bleiben wie immer auf den jeweiligen Reisewegen der Einheimischen (kein Luxus-Transfer, kein Flugzeug, boots on the ground&#8230;).<\/p>\n<p>Geht das?<\/p>\n<p>Wir wollen es beweisen&#8230;<\/p>\n","protected":false},"excerpt":{"rendered":"<p>Wir, die \u201eKulturgruppe Jena&#8220;, sind eine Truppe von Freunden, die sich zum Gro\u00dfteil bereits aus der Schulzeit kennen. Geboren zwischen 1960 und 1966, im real existierenden Sozialismus aufgewachsen und im Kapitalismus ihren Mann stehend, stolze V\u00e4ter und Familienoberh\u00e4upter aber dennoch &hellip; <a href=\"https:\/\/www.cape2cape.cc\/?page_id=18\">Weiterlesen <span class=\"meta-nav\">&rarr;<\/span><\/a><\/p>\n","protected":false},"author":1,"featured_media":1986,"parent":0,"menu_order":3,"comment_status":"closed","ping_status":"closed","template":"full-width-page.php","meta":{"om_disable_all_campaigns":false,"_monsterinsights_skip_tracking":false,"_monsterinsights_sitenote_active":false,"_monsterinsights_sitenote_note":"","_monsterinsights_sitenote_category":0,"footnotes":""},"class_list":["post-18","page","type-page","status-publish","has-post-thumbnail","hentry"],"aioseo_notices":[],"_links":{"self":[{"href":"https:\/\/www.cape2cape.cc\/index.php?rest_route=\/wp\/v2\/pages\/18","targetHints":{"allow":["GET"]}}],"collection":[{"href":"https:\/\/www.cape2cape.cc\/index.php?rest_route=\/wp\/v2\/pages"}],"about":[{"href":"https:\/\/www.cape2cape.cc\/index.php?rest_route=\/wp\/v2\/types\/page"}],"author":[{"embeddable":true,"href":"https:\/\/www.cape2cape.cc\/index.php?rest_route=\/wp\/v2\/users\/1"}],"replies":[{"embeddable":true,"href":"https:\/\/www.cape2cape.cc\/index.php?rest_route=%2Fwp%2Fv2%2Fcomments&post=18"}],"version-history":[{"count":15,"href":"https:\/\/www.cape2cape.cc\/index.php?rest_route=\/wp\/v2\/pages\/18\/revisions"}],"predecessor-version":[{"id":89,"href":"https:\/\/www.cape2cape.cc\/index.php?rest_route=\/wp\/v2\/pages\/18\/revisions\/89"}],"wp:featuredmedia":[{"embeddable":true,"href":"https:\/\/www.cape2cape.cc\/index.php?rest_route=\/wp\/v2\/media\/1986"}],"wp:attachment":[{"href":"https:\/\/www.cape2cape.cc\/index.php?rest_route=%2Fwp%2Fv2%2Fmedia&parent=18"}],"curies":[{"name":"wp","href":"https:\/\/api.w.org\/{rel}","templated":true}]}}