{"id":301,"date":"2013-02-01T21:24:27","date_gmt":"2013-02-01T19:24:27","guid":{"rendered":"http:\/\/www.cape2cape.cc\/?page_id=301"},"modified":"2013-11-12T01:49:43","modified_gmt":"2013-11-11T23:49:43","slug":"ausrustung","status":"publish","type":"page","link":"https:\/\/www.cape2cape.cc\/?page_id=301","title":{"rendered":"Ausr\u00fcstung"},"content":{"rendered":"<p>22.04.2013 &#8211; Hoffi hat eine <a title=\"Packliste\" href=\"https:\/\/www.cape2cape.cc\/?attachment_id=885\" target=\"_blank\">Packliste<\/a> erstellt<\/p>\n<p>25.05.2013 &#8211; Flemme hat <a title=\"Temperaturen\" href=\"https:\/\/www.cape2cape.cc\/?attachment_id=886\" target=\"_blank\">Temperaturen<\/a> recherchiert<\/p>\n<p>28.05.2013 &#8211; Uwje war im Military-Shop in Jena Ost: Die bew\u00e4hrten &#8222;US-Panzerfahrer-Hosen&#8220; der Feuerlaska Tour sind leider nicht mehr lieferbar. Auch die Bundeswehr Regenponchos, welche sich zum Zelt (Holgi: TARP!) verbinden lassen, gibt es z.Zt. nicht. Feuerlaska Fahrer nehmen die ev. noch vorhandenen mit (Dank dem Zwerg habe ich meine nicht in Alaska weggeschmissen&#8230;). Alle anderen suchen im Internet nach Restbest\u00e4nden. Ich finde allerdings keine&#8230; \u00c4hnlicher Artikel w\u00e4re <a href=\"http:\/\/www.ebay.de\/itm\/Regenponcho-Regenumhang-Regenschutz-Regencape-Herren-BW-Poncho-US-Army-tarn-NEU-\/230926144947\" target=\"_blank\">der<\/a> hier.<\/p>\n","protected":false},"excerpt":{"rendered":"<p>22.04.2013 &#8211; Hoffi hat eine Packliste erstellt 25.05.2013 &#8211; Flemme hat Temperaturen recherchiert 28.05.2013 &#8211; Uwje war im Military-Shop in Jena Ost: Die bew\u00e4hrten &#8222;US-Panzerfahrer-Hosen&#8220; der Feuerlaska Tour sind leider nicht mehr lieferbar. Auch die Bundeswehr Regenponchos, welche sich zum &hellip; <a href=\"https:\/\/www.cape2cape.cc\/?page_id=301\">Weiterlesen <span class=\"meta-nav\">&rarr;<\/span><\/a><\/p>\n","protected":false},"author":1,"featured_media":1628,"parent":78,"menu_order":0,"comment_status":"open","ping_status":"open","template":"","meta":{"om_disable_all_campaigns":false,"_monsterinsights_skip_tracking":false,"_monsterinsights_sitenote_active":false,"_monsterinsights_sitenote_note":"","_monsterinsights_sitenote_category":0,"footnotes":""},"class_list":["post-301","page","type-page","status-publish","has-post-thumbnail","hentry"],"aioseo_notices":[],"_links":{"self":[{"href":"https:\/\/www.cape2cape.cc\/index.php?rest_route=\/wp\/v2\/pages\/301","targetHints":{"allow":["GET"]}}],"collection":[{"href":"https:\/\/www.cape2cape.cc\/index.php?rest_route=\/wp\/v2\/pages"}],"about":[{"href":"https:\/\/www.cape2cape.cc\/index.php?rest_route=\/wp\/v2\/types\/page"}],"author":[{"embeddable":true,"href":"https:\/\/www.cape2cape.cc\/index.php?rest_route=\/wp\/v2\/users\/1"}],"replies":[{"embeddable":true,"href":"https:\/\/www.cape2cape.cc\/index.php?rest_route=%2Fwp%2Fv2%2Fcomments&post=301"}],"version-history":[{"count":12,"href":"https:\/\/www.cape2cape.cc\/index.php?rest_route=\/wp\/v2\/pages\/301\/revisions"}],"predecessor-version":[{"id":887,"href":"https:\/\/www.cape2cape.cc\/index.php?rest_route=\/wp\/v2\/pages\/301\/revisions\/887"}],"up":[{"embeddable":true,"href":"https:\/\/www.cape2cape.cc\/index.php?rest_route=\/wp\/v2\/pages\/78"}],"wp:featuredmedia":[{"embeddable":true,"href":"https:\/\/www.cape2cape.cc\/index.php?rest_route=\/wp\/v2\/media\/1628"}],"wp:attachment":[{"href":"https:\/\/www.cape2cape.cc\/index.php?rest_route=%2Fwp%2Fv2%2Fmedia&parent=301"}],"curies":[{"name":"wp","href":"https:\/\/api.w.org\/{rel}","templated":true}]}}