{"id":39,"date":"2013-01-26T23:43:24","date_gmt":"2013-01-26T21:43:24","guid":{"rendered":"http:\/\/www.cape2cape.cc\/?page_id=39"},"modified":"2013-11-12T01:42:24","modified_gmt":"2013-11-11T23:42:24","slug":"uwe-treffer","status":"publish","type":"page","link":"https:\/\/www.cape2cape.cc\/?page_id=39","title":{"rendered":"Uwe Treffer"},"content":{"rendered":"<p><a href=\"https:\/\/www.cape2cape.cc\/wp-content\/uploads\/2013\/02\/uwje.jpg\"><img loading=\"lazy\" decoding=\"async\" class=\"size-full wp-image-271 alignright\" alt=\"Uwe Treffer\" src=\"https:\/\/www.cape2cape.cc\/wp-content\/uploads\/2013\/02\/uwje.jpg\" width=\"268\" height=\"300\" \/><\/a><strong><strong>\u201eUwje\u201c<\/strong><\/strong><\/p>\n<p>Kommunikationsminister, Baujahr: 64<\/p>\n<p>Wie schon bei der legend\u00e4ren <a href=\"http:\/\/www.feuerlaska.de\" target=\"_blank\">Feuerland-Alaska Reise<\/a> verantwortlich f\u00fcr s\u00e4mtliche Medien vor, w\u00e4hrend und nach der Tour. Als Filmemacher und Fotograf h\u00e4lt er die entscheidenden Momente fest. Zust\u00e4ndig f\u00fcr diese cape2cape Internetseite, das Reisetagebuch und somit den Kontakt zur Heimat. L\u00e4sst die Kameraden alleine durch Osteuropa fahren und st\u00f6\u00dft erst ab Istanbul zum Team&#8230;<\/p>\n<p><strong><br \/>\n<\/strong><\/p>\n","protected":false},"excerpt":{"rendered":"<p>\u201eUwje\u201c Kommunikationsminister, Baujahr: 64 Wie schon bei der legend\u00e4ren Feuerland-Alaska Reise verantwortlich f\u00fcr s\u00e4mtliche Medien vor, w\u00e4hrend und nach der Tour. Als Filmemacher und Fotograf h\u00e4lt er die entscheidenden Momente fest. Zust\u00e4ndig f\u00fcr diese cape2cape Internetseite, das Reisetagebuch und somit &hellip; <a href=\"https:\/\/www.cape2cape.cc\/?page_id=39\">Weiterlesen <span class=\"meta-nav\">&rarr;<\/span><\/a><\/p>\n","protected":false},"author":1,"featured_media":2016,"parent":18,"menu_order":17,"comment_status":"closed","ping_status":"closed","template":"full-width-page.php","meta":{"om_disable_all_campaigns":false,"_monsterinsights_skip_tracking":false,"_monsterinsights_sitenote_active":false,"_monsterinsights_sitenote_note":"","_monsterinsights_sitenote_category":0,"footnotes":""},"class_list":["post-39","page","type-page","status-publish","has-post-thumbnail","hentry"],"aioseo_notices":[],"_links":{"self":[{"href":"https:\/\/www.cape2cape.cc\/index.php?rest_route=\/wp\/v2\/pages\/39","targetHints":{"allow":["GET"]}}],"collection":[{"href":"https:\/\/www.cape2cape.cc\/index.php?rest_route=\/wp\/v2\/pages"}],"about":[{"href":"https:\/\/www.cape2cape.cc\/index.php?rest_route=\/wp\/v2\/types\/page"}],"author":[{"embeddable":true,"href":"https:\/\/www.cape2cape.cc\/index.php?rest_route=\/wp\/v2\/users\/1"}],"replies":[{"embeddable":true,"href":"https:\/\/www.cape2cape.cc\/index.php?rest_route=%2Fwp%2Fv2%2Fcomments&post=39"}],"version-history":[{"count":27,"href":"https:\/\/www.cape2cape.cc\/index.php?rest_route=\/wp\/v2\/pages\/39\/revisions"}],"predecessor-version":[{"id":249,"href":"https:\/\/www.cape2cape.cc\/index.php?rest_route=\/wp\/v2\/pages\/39\/revisions\/249"}],"up":[{"embeddable":true,"href":"https:\/\/www.cape2cape.cc\/index.php?rest_route=\/wp\/v2\/pages\/18"}],"wp:featuredmedia":[{"embeddable":true,"href":"https:\/\/www.cape2cape.cc\/index.php?rest_route=\/wp\/v2\/media\/2016"}],"wp:attachment":[{"href":"https:\/\/www.cape2cape.cc\/index.php?rest_route=%2Fwp%2Fv2%2Fmedia&parent=39"}],"curies":[{"name":"wp","href":"https:\/\/api.w.org\/{rel}","templated":true}]}}