{"id":41,"date":"2013-01-26T23:43:53","date_gmt":"2013-01-26T21:43:53","guid":{"rendered":"http:\/\/www.cape2cape.cc\/?page_id=41"},"modified":"2013-11-12T00:21:48","modified_gmt":"2013-11-11T22:21:48","slug":"michael-herzau","status":"publish","type":"page","link":"https:\/\/www.cape2cape.cc\/?page_id=41","title":{"rendered":"Michael Herzau"},"content":{"rendered":"<p><a href=\"https:\/\/www.cape2cape.cc\/wp-content\/uploads\/2013\/02\/herzau_m.jpg\"><img loading=\"lazy\" decoding=\"async\" class=\"alignright size-full wp-image-263\" alt=\"Michael Herzau\" src=\"https:\/\/www.cape2cape.cc\/wp-content\/uploads\/2013\/02\/herzau_m.jpg\" width=\"268\" height=\"300\" \/><\/a><strong>&#8222;Micha&#8220; oder auch &#8222;Der Lange&#8220;<\/strong><\/p>\n<p>Mannschaftsarzt, Baujahr: 1964<\/p>\n<p>Nachdem Micha die letzten &#8222;Weltreisen&#8220; vom Th\u00fcringer Backoffice aus mental betreut hat, geh\u00f6ren Ferndiagnosen nun der Vergangenheit an. Denn zum Abschlu\u00df der Trilogie ist er live dabei. Die Kulturgruppe freut sich riesig, denn \u00e4rztlich betreutes Reisen wird immer wichtiger. Bestimmt freut sich sp\u00e4ter auch der ein oder andere schwarze Mahout, wenn er durch Handauflegen geheilt wurde&#8230;<\/p>\n","protected":false},"excerpt":{"rendered":"<p>&#8222;Micha&#8220; oder auch &#8222;Der Lange&#8220; Mannschaftsarzt, Baujahr: 1964 Nachdem Micha die letzten &#8222;Weltreisen&#8220; vom Th\u00fcringer Backoffice aus mental betreut hat, geh\u00f6ren Ferndiagnosen nun der Vergangenheit an. Denn zum Abschlu\u00df der Trilogie ist er live dabei. Die Kulturgruppe freut sich riesig, &hellip; <a href=\"https:\/\/www.cape2cape.cc\/?page_id=41\">Weiterlesen <span class=\"meta-nav\">&rarr;<\/span><\/a><\/p>\n","protected":false},"author":1,"featured_media":1997,"parent":18,"menu_order":8,"comment_status":"closed","ping_status":"closed","template":"full-width-page.php","meta":{"om_disable_all_campaigns":false,"_monsterinsights_skip_tracking":false,"_monsterinsights_sitenote_active":false,"_monsterinsights_sitenote_note":"","_monsterinsights_sitenote_category":0,"footnotes":""},"class_list":["post-41","page","type-page","status-publish","has-post-thumbnail","hentry"],"aioseo_notices":[],"_links":{"self":[{"href":"https:\/\/www.cape2cape.cc\/index.php?rest_route=\/wp\/v2\/pages\/41","targetHints":{"allow":["GET"]}}],"collection":[{"href":"https:\/\/www.cape2cape.cc\/index.php?rest_route=\/wp\/v2\/pages"}],"about":[{"href":"https:\/\/www.cape2cape.cc\/index.php?rest_route=\/wp\/v2\/types\/page"}],"author":[{"embeddable":true,"href":"https:\/\/www.cape2cape.cc\/index.php?rest_route=\/wp\/v2\/users\/1"}],"replies":[{"embeddable":true,"href":"https:\/\/www.cape2cape.cc\/index.php?rest_route=%2Fwp%2Fv2%2Fcomments&post=41"}],"version-history":[{"count":14,"href":"https:\/\/www.cape2cape.cc\/index.php?rest_route=\/wp\/v2\/pages\/41\/revisions"}],"predecessor-version":[{"id":388,"href":"https:\/\/www.cape2cape.cc\/index.php?rest_route=\/wp\/v2\/pages\/41\/revisions\/388"}],"up":[{"embeddable":true,"href":"https:\/\/www.cape2cape.cc\/index.php?rest_route=\/wp\/v2\/pages\/18"}],"wp:featuredmedia":[{"embeddable":true,"href":"https:\/\/www.cape2cape.cc\/index.php?rest_route=\/wp\/v2\/media\/1997"}],"wp:attachment":[{"href":"https:\/\/www.cape2cape.cc\/index.php?rest_route=%2Fwp%2Fv2%2Fmedia&parent=41"}],"curies":[{"name":"wp","href":"https:\/\/api.w.org\/{rel}","templated":true}]}}