{"id":711,"date":"2013-03-06T15:08:01","date_gmt":"2013-03-06T13:08:01","guid":{"rendered":"http:\/\/www.cape2cape.cc\/?page_id=711"},"modified":"2013-11-12T01:46:07","modified_gmt":"2013-11-11T23:46:07","slug":"support","status":"publish","type":"page","link":"https:\/\/www.cape2cape.cc\/?page_id=711","title":{"rendered":"Support"},"content":{"rendered":"<p>Bei der legend\u00e4ren <a href=\"http:\/\/www.feuerlaska.de\" target=\"_blank\">Feuerland Alaska Reise<\/a> dauerte es keine 14 Tage, bis zum ersten Mal eine elementare Frage aufkreuzte: Welchen Wochentag haben wir denn heute???<\/p>\n<p>Das muss nicht sein. Wolltest \u00a0Du schon immer mal einen eigenen Feiertag haben? \u00c4nder unseren Tagesablauf, indem Du Dir einen der Reisetage kaufst. Das geht ganz einfach: Datum w\u00e4hlen, Feiertagsname ausw\u00e4hlen und schon wird die ganze Reisegruppe einen Tag lang nur mit Dir besch\u00e4ftigt sein. Denn dann hei\u00dft es auf einmal Montag, Dienstag, &#8222;Dein noch zu w\u00e4hlender Name&#8220;, Donnerstag&#8230;<\/p>\n<p>Zur Auswahl stehen zwei Pakete:<\/p>\n<p><strong>Economy f\u00fcr 100 Euro:<\/strong><\/p>\n<p>Am von Dir bestimmten Tag erstellen wir ein von uns auf Dich abgestimmtes pers\u00f6nliches Foto an dem Ort, wo wir uns gerade befinden. Das kommt dann auch zeitnah per Post in der Gr\u00f6\u00dfe von ca. 20&#215;30 Zentimetern an Deine (vorher angegebene) Adresse. Au\u00dferdem erfolgt eine Benennung im Reisetagebuch und nat\u00fcrlich eine Huldigung beim abendlichen Zuprosten&#8230;<\/p>\n<p><strong>Business: 200 Euro, alles wie zuvor, aber&#8230;<\/strong><\/p>\n<p>&#8230; zus\u00e4tzlich gibt es als Andenken an den Tag ein kleines Mitbringsel vom jeweiligen Ort. Du wirst zur Wiedersehensparty eingeladen, wo dann auch das Souvenir \u00fcberreicht wird. Weiterhin erfolgt eine umfangreichere Benennung im Tagebuch und eventuell ein posting in der Presse, ob die dann was bringen, k\u00f6nnen wir jedoch Stand heute noch nicht garantieren. Garantieren k\u00f6nnen wir eine Huldigung beim Zuprosten \u00fcber Kontinente hinweg, dass Dir auch hier die Ohren klingeln&#8230;<\/p>\n<p>Machst Du mit? Beachtete bitte das Support-Men\u00fc. Dort gibt es das Formular zum Ausf\u00fcllen. Au\u00dferdem gibt es eine \u00dcbersicht der bereits belegten Tage&#8230;<\/p>\n<p>Vielen Dank f\u00fcr Deinen Support!<\/p>\n","protected":false},"excerpt":{"rendered":"<p>Bei der legend\u00e4ren Feuerland Alaska Reise dauerte es keine 14 Tage, bis zum ersten Mal eine elementare Frage aufkreuzte: Welchen Wochentag haben wir denn heute??? Das muss nicht sein. Wolltest \u00a0Du schon immer mal einen eigenen Feiertag haben? \u00c4nder unseren &hellip; <a href=\"https:\/\/www.cape2cape.cc\/?page_id=711\">Weiterlesen <span class=\"meta-nav\">&rarr;<\/span><\/a><\/p>\n","protected":false},"author":1,"featured_media":1629,"parent":0,"menu_order":0,"comment_status":"open","ping_status":"closed","template":"full-width-page.php","meta":{"om_disable_all_campaigns":false,"_monsterinsights_skip_tracking":false,"_monsterinsights_sitenote_active":false,"_monsterinsights_sitenote_note":"","_monsterinsights_sitenote_category":0,"footnotes":""},"class_list":["post-711","page","type-page","status-publish","has-post-thumbnail","hentry"],"aioseo_notices":[],"_links":{"self":[{"href":"https:\/\/www.cape2cape.cc\/index.php?rest_route=\/wp\/v2\/pages\/711","targetHints":{"allow":["GET"]}}],"collection":[{"href":"https:\/\/www.cape2cape.cc\/index.php?rest_route=\/wp\/v2\/pages"}],"about":[{"href":"https:\/\/www.cape2cape.cc\/index.php?rest_route=\/wp\/v2\/types\/page"}],"author":[{"embeddable":true,"href":"https:\/\/www.cape2cape.cc\/index.php?rest_route=\/wp\/v2\/users\/1"}],"replies":[{"embeddable":true,"href":"https:\/\/www.cape2cape.cc\/index.php?rest_route=%2Fwp%2Fv2%2Fcomments&post=711"}],"version-history":[{"count":8,"href":"https:\/\/www.cape2cape.cc\/index.php?rest_route=\/wp\/v2\/pages\/711\/revisions"}],"predecessor-version":[{"id":2018,"href":"https:\/\/www.cape2cape.cc\/index.php?rest_route=\/wp\/v2\/pages\/711\/revisions\/2018"}],"wp:featuredmedia":[{"embeddable":true,"href":"https:\/\/www.cape2cape.cc\/index.php?rest_route=\/wp\/v2\/media\/1629"}],"wp:attachment":[{"href":"https:\/\/www.cape2cape.cc\/index.php?rest_route=%2Fwp%2Fv2%2Fmedia&parent=711"}],"curies":[{"name":"wp","href":"https:\/\/api.w.org\/{rel}","templated":true}]}}