{"id":78,"date":"2013-01-27T00:34:12","date_gmt":"2013-01-26T22:34:12","guid":{"rendered":"http:\/\/www.cape2cape.cc\/?page_id=78"},"modified":"2013-11-12T01:48:51","modified_gmt":"2013-11-11T23:48:51","slug":"vorher","status":"publish","type":"page","link":"https:\/\/www.cape2cape.cc\/?page_id=78","title":{"rendered":"Vorher"},"content":{"rendered":"<p>Dieser Teil der Webseite ist f\u00fcr die Vorbereitung der Reise bestimmt. Um die Route anfangs nicht zu ver\u00f6ffentlichen, war sie nur f\u00fcr angemeldeten Reiseteilnehmer einsehbar. Nach der Reise wurde alles freigegeben&#8230;<\/p>\n","protected":false},"excerpt":{"rendered":"<p>Dieser Teil der Webseite ist f\u00fcr die Vorbereitung der Reise bestimmt. Um die Route anfangs nicht zu ver\u00f6ffentlichen, war sie nur f\u00fcr angemeldeten Reiseteilnehmer einsehbar. Nach der Reise wurde alles freigegeben&#8230;<\/p>\n","protected":false},"author":1,"featured_media":202,"parent":0,"menu_order":2,"comment_status":"closed","ping_status":"closed","template":"","meta":{"om_disable_all_campaigns":false,"_monsterinsights_skip_tracking":false,"_monsterinsights_sitenote_active":false,"_monsterinsights_sitenote_note":"","_monsterinsights_sitenote_category":0,"footnotes":""},"class_list":["post-78","page","type-page","status-publish","has-post-thumbnail","hentry"],"aioseo_notices":[],"_links":{"self":[{"href":"https:\/\/www.cape2cape.cc\/index.php?rest_route=\/wp\/v2\/pages\/78","targetHints":{"allow":["GET"]}}],"collection":[{"href":"https:\/\/www.cape2cape.cc\/index.php?rest_route=\/wp\/v2\/pages"}],"about":[{"href":"https:\/\/www.cape2cape.cc\/index.php?rest_route=\/wp\/v2\/types\/page"}],"author":[{"embeddable":true,"href":"https:\/\/www.cape2cape.cc\/index.php?rest_route=\/wp\/v2\/users\/1"}],"replies":[{"embeddable":true,"href":"https:\/\/www.cape2cape.cc\/index.php?rest_route=%2Fwp%2Fv2%2Fcomments&post=78"}],"version-history":[{"count":12,"href":"https:\/\/www.cape2cape.cc\/index.php?rest_route=\/wp\/v2\/pages\/78\/revisions"}],"predecessor-version":[{"id":344,"href":"https:\/\/www.cape2cape.cc\/index.php?rest_route=\/wp\/v2\/pages\/78\/revisions\/344"}],"wp:featuredmedia":[{"embeddable":true,"href":"https:\/\/www.cape2cape.cc\/index.php?rest_route=\/wp\/v2\/media\/202"}],"wp:attachment":[{"href":"https:\/\/www.cape2cape.cc\/index.php?rest_route=%2Fwp%2Fv2%2Fmedia&parent=78"}],"curies":[{"name":"wp","href":"https:\/\/api.w.org\/{rel}","templated":true}]}}